{"id":15789,"date":"2023-12-10T21:31:16","date_gmt":"2023-12-10T20:31:16","guid":{"rendered":"https:\/\/safran-ardeche.fr\/romegier\/?post_type=product&#038;p=15789"},"modified":"2024-12-15T16:57:18","modified_gmt":"2024-12-15T15:57:18","slug":"coffret-cadeau","status":"publish","type":"product","link":"https:\/\/safran-ardeche.fr\/romegier\/product\/coffret-cadeau\/","title":{"rendered":"cadeau"},"content":{"rendered":"<p><img data-recalc-dims=\"1\" loading=\"lazy\" decoding=\"async\" class=\"alignnone size-medium wp-image-15791\" src=\"https:\/\/i0.wp.com\/safran-ardeche.fr\/romegier\/wp-content\/uploads\/2023\/12\/403398729_1099492988132765_3396712132876352307_n-1.jpg?resize=300%2C400&#038;ssl=1\" alt=\"\" width=\"300\" height=\"400\" srcset=\"https:\/\/i0.wp.com\/safran-ardeche.fr\/romegier\/wp-content\/uploads\/2023\/12\/403398729_1099492988132765_3396712132876352307_n-1.jpg?resize=300%2C400&amp;ssl=1 300w, https:\/\/i0.wp.com\/safran-ardeche.fr\/romegier\/wp-content\/uploads\/2023\/12\/403398729_1099492988132765_3396712132876352307_n-1.jpg?resize=667%2C889&amp;ssl=1 667w, https:\/\/i0.wp.com\/safran-ardeche.fr\/romegier\/wp-content\/uploads\/2023\/12\/403398729_1099492988132765_3396712132876352307_n-1.jpg?resize=200%2C266&amp;ssl=1 200w, https:\/\/i0.wp.com\/safran-ardeche.fr\/romegier\/wp-content\/uploads\/2023\/12\/403398729_1099492988132765_3396712132876352307_n-1.jpg?resize=768%2C1023&amp;ssl=1 768w, https:\/\/i0.wp.com\/safran-ardeche.fr\/romegier\/wp-content\/uploads\/2023\/12\/403398729_1099492988132765_3396712132876352307_n-1.jpg?resize=45%2C60&amp;ssl=1 45w, https:\/\/i0.wp.com\/safran-ardeche.fr\/romegier\/wp-content\/uploads\/2023\/12\/403398729_1099492988132765_3396712132876352307_n-1.jpg?resize=68%2C90&amp;ssl=1 68w, https:\/\/i0.wp.com\/safran-ardeche.fr\/romegier\/wp-content\/uploads\/2023\/12\/403398729_1099492988132765_3396712132876352307_n-1.jpg?w=960&amp;ssl=1 960w\" sizes=\"auto, (max-width: 300px) 100vw, 300px\" \/><\/p>\n<p>Fiole de safran en pistils+ l&#8217;estello (Biscuits sucr\u00e9 au safran ).<\/p>\n<p>Paquet de 130g<\/p>\n<p>Emball\u00e9 dans un papier cadeau sp\u00e9cial f\u00eate et flyer explicatif .<\/p>\n","protected":false},"excerpt":{"rendered":"<p>Fiole de safran en pistils+ l&#8217;estello (Biscuits sucr\u00e9 au safran ).<\/p>\n<p>Paquet de 130g<\/p>\n<p>&nbsp;<\/p>\n<p>Emball\u00e9 dans un papier cadeau sp\u00e9cial f\u00eate et flyer explicatif .<\/p>\n","protected":false},"featured_media":15790,"template":"","meta":{"jetpack_publicize_message":"","jetpack_publicize_feature_enabled":true,"jetpack_social_post_already_shared":true,"jetpack_social_options":{"image_generator_settings":{"template":"highway","default_image_id":0,"font":"","enabled":false},"version":2}},"product_brand":[],"product_cat":[62,81],"product_tag":[],"class_list":{"0":"post-15789","1":"product","2":"type-product","3":"status-publish","4":"has-post-thumbnail","6":"product_cat-a-base-de-safran","7":"product_cat-paniers","8":"product_shipping_class-shop2shop","10":"first","11":"instock","12":"purchasable","13":"product-type-simple"},"aioseo_notices":[],"jetpack_publicize_connections":[],"jetpack_sharing_enabled":true,"_links":{"self":[{"href":"https:\/\/safran-ardeche.fr\/romegier\/wp-json\/wp\/v2\/product\/15789","targetHints":{"allow":["GET"]}}],"collection":[{"href":"https:\/\/safran-ardeche.fr\/romegier\/wp-json\/wp\/v2\/product"}],"about":[{"href":"https:\/\/safran-ardeche.fr\/romegier\/wp-json\/wp\/v2\/types\/product"}],"wp:featuredmedia":[{"embeddable":true,"href":"https:\/\/safran-ardeche.fr\/romegier\/wp-json\/wp\/v2\/media\/15790"}],"wp:attachment":[{"href":"https:\/\/safran-ardeche.fr\/romegier\/wp-json\/wp\/v2\/media?parent=15789"}],"wp:term":[{"taxonomy":"product_brand","embeddable":true,"href":"https:\/\/safran-ardeche.fr\/romegier\/wp-json\/wp\/v2\/product_brand?post=15789"},{"taxonomy":"product_cat","embeddable":true,"href":"https:\/\/safran-ardeche.fr\/romegier\/wp-json\/wp\/v2\/product_cat?post=15789"},{"taxonomy":"product_tag","embeddable":true,"href":"https:\/\/safran-ardeche.fr\/romegier\/wp-json\/wp\/v2\/product_tag?post=15789"}],"curies":[{"name":"wp","href":"https:\/\/api.w.org\/{rel}","templated":true}]}}