{"id":15786,"date":"2023-12-09T14:07:31","date_gmt":"2023-12-09T13:07:31","guid":{"rendered":"https:\/\/safran-ardeche.fr\/romegier\/?post_type=product&#038;p=15786"},"modified":"2025-06-02T17:49:46","modified_gmt":"2025-06-02T15:49:46","slug":"coffret-cadeau-gourmandises","status":"publish","type":"product","link":"https:\/\/safran-ardeche.fr\/romegier\/product\/coffret-cadeau-gourmandises\/","title":{"rendered":"Coffret cadeau gourmandises"},"content":{"rendered":"<p>Coffret avec gel\u00e9e de safran bio 230 g, , l&#8217;unique (confiture de ch\u00e2taignes\u00a0 au safran 250g) douceurs safran\u00e9es (m\u00e9lange de biscuits sucr\u00e9s 100g).<\/p>\n<p>Emball\u00e9 dans un papier cadeau sp\u00e9cial f\u00eate et flyer explicatif .<\/p>\n<p>photo non contractuelle<\/p>\n","protected":false},"excerpt":{"rendered":"<p>Gel\u00e9e de safran bio 230 g, , l&#8217;unique (confiture de ch\u00e2taignes\u00a0 au safran) ,gourmandises (meringues au safran)50g.<\/p>\n<p>Emball\u00e9 dans un papier cadeau sp\u00e9cial f\u00eate et flyer explicatif .<\/p>\n","protected":false},"featured_media":15787,"template":"","meta":{"jetpack_publicize_message":"","jetpack_publicize_feature_enabled":true,"jetpack_social_post_already_shared":true,"jetpack_social_options":{"image_generator_settings":{"template":"highway","default_image_id":0,"font":"","enabled":false},"version":2}},"product_brand":[],"product_cat":[62,81],"product_tag":[],"class_list":{"0":"post-15786","1":"product","2":"type-product","3":"status-publish","4":"has-post-thumbnail","6":"product_cat-a-base-de-safran","7":"product_cat-paniers","8":"product_shipping_class-shop2shop","10":"first","11":"instock","12":"purchasable","13":"product-type-simple"},"aioseo_notices":[],"jetpack_publicize_connections":[],"jetpack_sharing_enabled":true,"_links":{"self":[{"href":"https:\/\/safran-ardeche.fr\/romegier\/wp-json\/wp\/v2\/product\/15786","targetHints":{"allow":["GET"]}}],"collection":[{"href":"https:\/\/safran-ardeche.fr\/romegier\/wp-json\/wp\/v2\/product"}],"about":[{"href":"https:\/\/safran-ardeche.fr\/romegier\/wp-json\/wp\/v2\/types\/product"}],"wp:featuredmedia":[{"embeddable":true,"href":"https:\/\/safran-ardeche.fr\/romegier\/wp-json\/wp\/v2\/media\/15787"}],"wp:attachment":[{"href":"https:\/\/safran-ardeche.fr\/romegier\/wp-json\/wp\/v2\/media?parent=15786"}],"wp:term":[{"taxonomy":"product_brand","embeddable":true,"href":"https:\/\/safran-ardeche.fr\/romegier\/wp-json\/wp\/v2\/product_brand?post=15786"},{"taxonomy":"product_cat","embeddable":true,"href":"https:\/\/safran-ardeche.fr\/romegier\/wp-json\/wp\/v2\/product_cat?post=15786"},{"taxonomy":"product_tag","embeddable":true,"href":"https:\/\/safran-ardeche.fr\/romegier\/wp-json\/wp\/v2\/product_tag?post=15786"}],"curies":[{"name":"wp","href":"https:\/\/api.w.org\/{rel}","templated":true}]}}