{"id":15393,"date":"2018-11-19T18:19:42","date_gmt":"2018-11-19T17:19:42","guid":{"rendered":"https:\/\/safran-ardeche.fr\/romegier\/?post_type=product&#038;p=15393"},"modified":"2023-11-14T21:27:23","modified_gmt":"2023-11-14T20:27:23","slug":"ensemble-assorti-rouge-et-blanc-savon-safran-argan","status":"publish","type":"product","link":"https:\/\/safran-ardeche.fr\/romegier\/product\/ensemble-assorti-rouge-et-blanc-savon-safran-argan\/","title":{"rendered":"Ensemble assorti rouge et blanc + savon safran \/argan"},"content":{"rendered":"<p>L&#8217;ensemble<\/p>\n<p>Lot de 5 lingettes d\u00e9maquillantes lavables , \u00e9ponge de bambou blanche<\/p>\n<p>&#8211; panier \u00e0 lingettes<\/p>\n<p>&#8211; Pochette imperm\u00e9able pour savon<\/p>\n<p>&#8211; Boite de transport pour savon en alu .<\/p>\n<p>&#8211; Savon<\/p>\n<p>Les savons\u00a0solides\u00a0sont fabriqu\u00e9s artisanalement \u00e0 la main, saponifi\u00e9s \u00e0 froid pour des savons de haute qualit\u00e9.<\/p>\n<p>assortis couleur rouge et blanc<\/p>\n","protected":false},"excerpt":{"rendered":"<p>Lot de 7 lingettes d\u00e9maquillantes lavables \u00e9ponge de bambou blanche<\/p>\n<p>&#8211; pani\u00e8re \u00e0 lingettes<\/p>\n<p>&#8211; Pochette imperm\u00e9able pour savon<\/p>\n<p>&#8211; Boite de transport pour savon en alu .<\/p>\n<p>&#8211; Savon<\/p>\n<p>assortis couleur rouge et blanc<\/p>\n","protected":false},"featured_media":15392,"template":"","meta":{"jetpack_publicize_message":"","jetpack_publicize_feature_enabled":true,"jetpack_social_post_already_shared":true,"jetpack_social_options":{"image_generator_settings":{"template":"highway","default_image_id":0,"font":"","enabled":false},"version":2}},"product_brand":[],"product_cat":[63],"product_tag":[],"class_list":{"0":"post-15393","1":"product","2":"type-product","3":"status-publish","4":"has-post-thumbnail","6":"product_cat-cosmetique","7":"product_shipping_class-shop2shop","9":"first","10":"instock","11":"shipping-taxable","12":"purchasable","13":"product-type-simple"},"aioseo_notices":[],"jetpack_publicize_connections":[],"jetpack_sharing_enabled":true,"_links":{"self":[{"href":"https:\/\/safran-ardeche.fr\/romegier\/wp-json\/wp\/v2\/product\/15393","targetHints":{"allow":["GET"]}}],"collection":[{"href":"https:\/\/safran-ardeche.fr\/romegier\/wp-json\/wp\/v2\/product"}],"about":[{"href":"https:\/\/safran-ardeche.fr\/romegier\/wp-json\/wp\/v2\/types\/product"}],"wp:featuredmedia":[{"embeddable":true,"href":"https:\/\/safran-ardeche.fr\/romegier\/wp-json\/wp\/v2\/media\/15392"}],"wp:attachment":[{"href":"https:\/\/safran-ardeche.fr\/romegier\/wp-json\/wp\/v2\/media?parent=15393"}],"wp:term":[{"taxonomy":"product_brand","embeddable":true,"href":"https:\/\/safran-ardeche.fr\/romegier\/wp-json\/wp\/v2\/product_brand?post=15393"},{"taxonomy":"product_cat","embeddable":true,"href":"https:\/\/safran-ardeche.fr\/romegier\/wp-json\/wp\/v2\/product_cat?post=15393"},{"taxonomy":"product_tag","embeddable":true,"href":"https:\/\/safran-ardeche.fr\/romegier\/wp-json\/wp\/v2\/product_tag?post=15393"}],"curies":[{"name":"wp","href":"https:\/\/api.w.org\/{rel}","templated":true}]}}