{"id":11245,"date":"2019-04-21T20:58:34","date_gmt":"2019-04-21T18:58:34","guid":{"rendered":"https:\/\/safran-ardeche.fr\/romegier\/?post_type=product&#038;p=11245"},"modified":"2025-12-13T17:37:10","modified_gmt":"2025-12-13T16:37:10","slug":"apero-time","status":"publish","type":"product","link":"https:\/\/safran-ardeche.fr\/romegier\/product\/apero-time\/","title":{"rendered":"Ap\u00e9ro time"},"content":{"rendered":"","protected":false},"excerpt":{"rendered":"<p>Biscuits sal\u00e9 \u00e0 l&#8217;emmental et safran . Un accompagnement original pour vos ap\u00e9ritifs\u00a0 entre amis.<\/p>\n<p>Paquet de 100g<\/p>\n","protected":false},"featured_media":11351,"template":"","meta":{"jetpack_publicize_message":"","jetpack_publicize_feature_enabled":true,"jetpack_social_post_already_shared":true,"jetpack_social_options":{"image_generator_settings":{"template":"highway","default_image_id":0,"font":"","enabled":false},"version":2}},"product_brand":[],"product_cat":[62],"product_tag":[],"class_list":{"0":"post-11245","1":"product","2":"type-product","3":"status-publish","4":"has-post-thumbnail","6":"product_cat-a-base-de-safran","7":"product_shipping_class-shop2shop","9":"first","10":"instock","11":"purchasable","12":"product-type-simple"},"aioseo_notices":[],"jetpack_publicize_connections":[],"jetpack_sharing_enabled":true,"_links":{"self":[{"href":"https:\/\/safran-ardeche.fr\/romegier\/wp-json\/wp\/v2\/product\/11245","targetHints":{"allow":["GET"]}}],"collection":[{"href":"https:\/\/safran-ardeche.fr\/romegier\/wp-json\/wp\/v2\/product"}],"about":[{"href":"https:\/\/safran-ardeche.fr\/romegier\/wp-json\/wp\/v2\/types\/product"}],"wp:featuredmedia":[{"embeddable":true,"href":"https:\/\/safran-ardeche.fr\/romegier\/wp-json\/wp\/v2\/media\/11351"}],"wp:attachment":[{"href":"https:\/\/safran-ardeche.fr\/romegier\/wp-json\/wp\/v2\/media?parent=11245"}],"wp:term":[{"taxonomy":"product_brand","embeddable":true,"href":"https:\/\/safran-ardeche.fr\/romegier\/wp-json\/wp\/v2\/product_brand?post=11245"},{"taxonomy":"product_cat","embeddable":true,"href":"https:\/\/safran-ardeche.fr\/romegier\/wp-json\/wp\/v2\/product_cat?post=11245"},{"taxonomy":"product_tag","embeddable":true,"href":"https:\/\/safran-ardeche.fr\/romegier\/wp-json\/wp\/v2\/product_tag?post=11245"}],"curies":[{"name":"wp","href":"https:\/\/api.w.org\/{rel}","templated":true}]}}