{"id":11217,"date":"2018-11-20T19:41:55","date_gmt":"2018-11-20T18:41:55","guid":{"rendered":"https:\/\/safran-ardeche.fr\/romegier\/?post_type=product&#038;p=11217"},"modified":"2023-11-04T10:49:28","modified_gmt":"2023-11-04T09:49:28","slug":"savon-a-froid-au-safran-dardeche-et-argan-bio","status":"publish","type":"product","link":"https:\/\/safran-ardeche.fr\/romegier\/product\/savon-a-froid-au-safran-dardeche-et-argan-bio\/","title":{"rendered":"Savon \u00e0 froid au Safran"},"content":{"rendered":"<p>Le\u00a0Savon \u00e0 froid Safran d&#8217;Ard\u00e8che et Argan Bio convient \u00e0 tous les types de peau et surtout\u00a0les peaux s\u00e8ches et\/ou matures. Votre peau profitera des vertus nourrissantes des huiles v\u00e9g\u00e9tales bio.<br \/>\nLe savon \u00e0 froid Safran d&#8217;Ard\u00e8che et Argan Bio\u00a0ne\u00a0contient pas d&#8217;huiles essentielles, il convient donc aux femmes enceintes ou allaitantes.<br \/>\nCe\u00a0Savon \u00e0 froid surgras sera tr\u00e8s nourrissant et adoucissant pour votre peau.<br \/>\nGr\u00e2ce aux vertus nourrissantes et r\u00e9g\u00e9n\u00e9rantes de l&#8217;Argan et antioxydante du Safran, votre douche vous offrira un moment de soin et de douceur.<\/p>\n<p><strong>Ingr\u00e9dients :<\/strong><br \/>\nHuile d\u2019Olive Bio<br \/>\nHuile de Tournesol Bio<br \/>\nHuile de Coco Bio<br \/>\nBeurre de Karit\u00e9 Bio<br \/>\nSafran\u00a0d&#8217;Ard\u00e8che m\u00e9daill\u00e9 d\u2019or 20018 (Safran de rom\u00e9gier)<br \/>\nArgan Bio<\/p>\n<p><strong>Comment utiliser le\u00a0Savon A Froid Safran d&#8217;Ard\u00e8che et Argan Bio\u00a0?<br \/>\n<\/strong>Masser le savon dans vos mains, ou passer le savon directement sur votre peau humide, en \u00e9vitant le contour des yeux.<br \/>\nRincer \u00e0 l&#8217;eau ti\u00e8de.<\/p>\n<p>Les savons\u00a0solides\u00a0sont fabriqu\u00e9s artisanalement \u00e0 la main, saponifi\u00e9s \u00e0 froid pour des savons de haute qualit\u00e9.<\/p>\n","protected":false},"excerpt":{"rendered":"<p>Le\u00a0Savon \u00e0 froid Safran d&#8217;Ard\u00e8che et Argan Bio convient \u00e0 tous les types de peau et surtout\u00a0les peaux s\u00e8ches et\/ou matures. Votre peau profitera des vertus nourrissantes des huiles v\u00e9g\u00e9tales bio.<br \/>\nLe savon \u00e0 froid Safran d&#8217;Ard\u00e8che et Argan Bio\u00a0ne\u00a0contient pas d&#8217;huiles essentielles, il convient donc aux femmes enceintes ou allaitantes.<br \/>\nCe\u00a0Savon \u00e0 froid surgras sera tr\u00e8s nourrissant et adoucissant pour votre peau.<br \/>\nGr\u00e2ce aux vertus nourrissantes et r\u00e9g\u00e9n\u00e9rantes de l&#8217;Argan et antioxydante du Safran, votre douche vous offrira un moment de soin et de douceur.<\/p>\n","protected":false},"featured_media":11364,"template":"","meta":{"jetpack_publicize_message":"","jetpack_publicize_feature_enabled":true,"jetpack_social_post_already_shared":true,"jetpack_social_options":{"image_generator_settings":{"template":"highway","default_image_id":0,"font":"","enabled":false},"version":2}},"product_brand":[],"product_cat":[63],"product_tag":[],"class_list":{"0":"post-11217","1":"product","2":"type-product","3":"status-publish","4":"has-post-thumbnail","6":"product_cat-cosmetique","7":"product_shipping_class-la-poste","9":"first","10":"instock","11":"shipping-taxable","12":"purchasable","13":"product-type-simple"},"aioseo_notices":[],"jetpack_publicize_connections":[],"jetpack_sharing_enabled":true,"_links":{"self":[{"href":"https:\/\/safran-ardeche.fr\/romegier\/wp-json\/wp\/v2\/product\/11217","targetHints":{"allow":["GET"]}}],"collection":[{"href":"https:\/\/safran-ardeche.fr\/romegier\/wp-json\/wp\/v2\/product"}],"about":[{"href":"https:\/\/safran-ardeche.fr\/romegier\/wp-json\/wp\/v2\/types\/product"}],"wp:featuredmedia":[{"embeddable":true,"href":"https:\/\/safran-ardeche.fr\/romegier\/wp-json\/wp\/v2\/media\/11364"}],"wp:attachment":[{"href":"https:\/\/safran-ardeche.fr\/romegier\/wp-json\/wp\/v2\/media?parent=11217"}],"wp:term":[{"taxonomy":"product_brand","embeddable":true,"href":"https:\/\/safran-ardeche.fr\/romegier\/wp-json\/wp\/v2\/product_brand?post=11217"},{"taxonomy":"product_cat","embeddable":true,"href":"https:\/\/safran-ardeche.fr\/romegier\/wp-json\/wp\/v2\/product_cat?post=11217"},{"taxonomy":"product_tag","embeddable":true,"href":"https:\/\/safran-ardeche.fr\/romegier\/wp-json\/wp\/v2\/product_tag?post=11217"}],"curies":[{"name":"wp","href":"https:\/\/api.w.org\/{rel}","templated":true}]}}