{"id":11068,"date":"2020-01-25T01:27:28","date_gmt":"2020-01-25T00:27:28","guid":{"rendered":"http:\/\/safran-ardeche.fr\/romegier\/?post_type=product&#038;p=11068"},"modified":"2025-12-13T17:37:10","modified_gmt":"2025-12-13T16:37:10","slug":"sirop-de-safran","status":"publish","type":"product","link":"https:\/\/safran-ardeche.fr\/romegier\/product\/sirop-de-safran\/","title":{"rendered":"Sirop de safran"},"content":{"rendered":"","protected":false},"excerpt":{"rendered":"<p>Une sp\u00e9cialit\u00e9 safran\u00e9e unique \u00e0 base de sirop de sucre de canne biologique. Surprenez vos invit\u00e9s avec des cocktails originaux : kirs, punchs\u2026 Mais aussi par des desserts cr\u00e9atifs avec du sirop de safran en nappages sur les p\u00e2tisseries, glaces, dans les salades de fruits\u2026<br \/>\nSirop en flacon de un quart de litre (30 cl)<\/p>\n","protected":false},"featured_media":11365,"template":"","meta":{"jetpack_publicize_message":"","jetpack_publicize_feature_enabled":true,"jetpack_social_post_already_shared":false,"jetpack_social_options":{"image_generator_settings":{"template":"highway","default_image_id":0,"font":"","enabled":false},"version":2}},"product_brand":[],"product_cat":[62],"product_tag":[],"class_list":{"0":"post-11068","1":"product","2":"type-product","3":"status-publish","4":"has-post-thumbnail","6":"product_cat-a-base-de-safran","7":"product_shipping_class-shop2shop","9":"first","10":"instock","11":"purchasable","12":"product-type-simple"},"aioseo_notices":[],"jetpack_publicize_connections":[],"jetpack_sharing_enabled":true,"_links":{"self":[{"href":"https:\/\/safran-ardeche.fr\/romegier\/wp-json\/wp\/v2\/product\/11068","targetHints":{"allow":["GET"]}}],"collection":[{"href":"https:\/\/safran-ardeche.fr\/romegier\/wp-json\/wp\/v2\/product"}],"about":[{"href":"https:\/\/safran-ardeche.fr\/romegier\/wp-json\/wp\/v2\/types\/product"}],"wp:featuredmedia":[{"embeddable":true,"href":"https:\/\/safran-ardeche.fr\/romegier\/wp-json\/wp\/v2\/media\/11365"}],"wp:attachment":[{"href":"https:\/\/safran-ardeche.fr\/romegier\/wp-json\/wp\/v2\/media?parent=11068"}],"wp:term":[{"taxonomy":"product_brand","embeddable":true,"href":"https:\/\/safran-ardeche.fr\/romegier\/wp-json\/wp\/v2\/product_brand?post=11068"},{"taxonomy":"product_cat","embeddable":true,"href":"https:\/\/safran-ardeche.fr\/romegier\/wp-json\/wp\/v2\/product_cat?post=11068"},{"taxonomy":"product_tag","embeddable":true,"href":"https:\/\/safran-ardeche.fr\/romegier\/wp-json\/wp\/v2\/product_tag?post=11068"}],"curies":[{"name":"wp","href":"https:\/\/api.w.org\/{rel}","templated":true}]}}