{"id":10927,"date":"2018-07-30T23:12:03","date_gmt":"2018-07-30T21:12:03","guid":{"rendered":"http:\/\/safran-ardeche.fr\/romegier\/?page_id=10927"},"modified":"2025-11-05T22:38:32","modified_gmt":"2025-11-05T21:38:32","slug":"son-utilisation","status":"publish","type":"page","link":"https:\/\/safran-ardeche.fr\/romegier\/son-utilisation\/","title":{"rendered":"SON UTILISATION"},"content":{"rendered":"<div class=\"wpb-content-wrapper\"><p>[vc_row full_width=&#8221;stretch_row_content_no_spaces&#8221; full_height=&#8221;yes&#8221; columns_placement=&#8221;top&#8221; content_placement=&#8221;top&#8221; css=&#8221;.vc_custom_1748888702673{background-color: #ffffff !important;}&#8221;][vc_column width=&#8221;1\/2&#8243; el_class=&#8221;max-wide-box&#8221;][vc_single_image image=&#8221;10987&#8243; img_size=&#8221;full&#8221;][\/vc_column][vc_column width=&#8221;1\/2&#8243; el_class=&#8221;about-me-padding&#8221;][vc_column_text css=&#8221;&#8221;]<\/p>\n<h2><span style=\"color: #ce0037;\"><span style=\"caret-color: #f2f2f2;\">UTILISATION DU SAFRAN.<\/span><\/span><\/h2>\n<p>Faire tremper le safran dans un peu d&#8217;eau chaude, de lait, de cr\u00e8me, de vin, de bouillon ou jus de cuisson avant de l&#8217;utiliser. Le safran, \u00e9pice d\u00e9shydrat\u00e9e, a besoin de temps pour colorer et lib\u00e9rer toutes ses saveurs, l&#8217;id\u00e9al est donc de l&#8217;infuser au moins deux heures avant la pr\u00e9paration de votre plat (ou encore mieux, la veille). Ainsi infus\u00e9, couleur et saveur se r\u00e9partiront mieux dans toute la pr\u00e9paration.<\/p>\n<p>Plat sucr\u00e9, th\u00e9 : 1 pistil\/personne<span class=\"Apple-converted-space\"><br \/>\n<\/span>Plat sal\u00e9 : 2 pistils\/personne<span class=\"Apple-converted-space\"><br \/>\n<\/span>Pa\u00eblla ou moules : 3 pistils\/personne<span class=\"Apple-converted-space\"><br \/>\n<\/span>Sauces : 1 \u00e0 2 pistils\/personne<span class=\"Apple-converted-space\"><br \/>\n<\/span>Riz et p\u00e2tes : 5 pistils pour 250g<span class=\"Apple-converted-space\"><br \/>\n<\/span>Desserts : 6 \u00e0 8 pistils\/litre de lait<span class=\"Apple-converted-space\"><br \/>\n<\/span>Confitures : 15 pistils\/kg de fruit<\/p>\n<p>Suivant la nature de la recette (sucr\u00e9 ou sal\u00e9), vous allez pouvoir vous faire une id\u00e9e du &#8220;surco\u00fbt&#8221;, engendr\u00e9 par le safran. Vous allez remarquer que cela reste tout \u00e0 fait raisonnable ! Environ 30cts de plus par assiette cela va largement contribuer \u00e0 la r\u00e9ussite de votre repas, et ce pour un budget finalement ma\u00eetris\u00e9.[\/vc_column_text][vc_empty_space height=&#8221;20px&#8221;][vc_btn title=&#8221;NOS RECETTES AU SAFRAN&#8221; style=&#8221;flat&#8221; shape=&#8221;square&#8221; color=&#8221;black&#8221; size=&#8221;xs&#8221; css=&#8221;&#8221; link=&#8221;url:https%3A%2F%2Fsafran-ardeche.fr%2Fromegier%2Frecettes%2F&#8221;][\/vc_column][\/vc_row]<\/p>\n<\/div>","protected":false},"excerpt":{"rendered":"<p>[vc_row full_width=&#8221;stretch_row_content_no_spaces&#8221; full_height=&#8221;yes&#8221; columns_placement=&#8221;top&#8221; content_placement=&#8221;top&#8221; css=&#8221;.vc_custom_1748888702673{background-color: #ffffff !important;}&#8221;][vc_column width=&#8221;1\/2&#8243; el_class=&#8221;max-wide-box&#8221;][vc_single_image image=&#8221;10987&#8243; img_size=&#8221;full&#8221;][\/vc_column][vc_column width=&#8221;1\/2&#8243; el_class=&#8221;about-me-padding&#8221;][vc_column_text css=&#8221;&#8221;] UTILISATION DU SAFRAN. Faire tremper le safran dans un peu d&#8217;eau chaude, de lait, de cr\u00e8me, de vin, de bouillon ou jus de cuisson avant de l&#8217;utiliser. Le safran, \u00e9pice d\u00e9shydrat\u00e9e, a besoin de temps pour colorer et lib\u00e9rer toutes [&hellip;]<\/p>\n","protected":false},"author":1,"featured_media":0,"parent":0,"menu_order":0,"comment_status":"closed","ping_status":"closed","template":"page.php","meta":{"footnotes":""},"class_list":["post-10927","page","type-page","status-publish","hentry"],"aioseo_notices":[],"jetpack_sharing_enabled":true,"jetpack_shortlink":"https:\/\/wp.me\/Pa63Lk-2Qf","_links":{"self":[{"href":"https:\/\/safran-ardeche.fr\/romegier\/wp-json\/wp\/v2\/pages\/10927","targetHints":{"allow":["GET"]}}],"collection":[{"href":"https:\/\/safran-ardeche.fr\/romegier\/wp-json\/wp\/v2\/pages"}],"about":[{"href":"https:\/\/safran-ardeche.fr\/romegier\/wp-json\/wp\/v2\/types\/page"}],"author":[{"embeddable":true,"href":"https:\/\/safran-ardeche.fr\/romegier\/wp-json\/wp\/v2\/users\/1"}],"replies":[{"embeddable":true,"href":"https:\/\/safran-ardeche.fr\/romegier\/wp-json\/wp\/v2\/comments?post=10927"}],"version-history":[{"count":8,"href":"https:\/\/safran-ardeche.fr\/romegier\/wp-json\/wp\/v2\/pages\/10927\/revisions"}],"predecessor-version":[{"id":15924,"href":"https:\/\/safran-ardeche.fr\/romegier\/wp-json\/wp\/v2\/pages\/10927\/revisions\/15924"}],"wp:attachment":[{"href":"https:\/\/safran-ardeche.fr\/romegier\/wp-json\/wp\/v2\/media?parent=10927"}],"curies":[{"name":"wp","href":"https:\/\/api.w.org\/{rel}","templated":true}]}}